{"id":781,"date":"2021-03-27T10:55:49","date_gmt":"2021-03-27T09:55:49","guid":{"rendered":"https:\/\/glitche-demo.bslthemes.com\/ve1\/?page_id=781"},"modified":"2026-02-03T10:04:19","modified_gmt":"2026-02-03T09:04:19","slug":"resume","status":"publish","type":"page","link":"https:\/\/sedlbauer.design\/?page_id=781","title":{"rendered":"\u00dcber mich"},"content":{"rendered":"\t\t<div data-elementor-type=\"wp-page\" data-elementor-id=\"781\" class=\"elementor elementor-781\">\n\t\t\t\t\t\t<section class=\"elementor-section elementor-top-section elementor-element elementor-element-bcf05de elementor-section-full_width elementor-section-height-default elementor-section-height-default\" data-id=\"bcf05de\" data-element_type=\"section\" data-e-type=\"section\">\n\t\t\t\t\t\t<div class=\"elementor-container elementor-column-gap-no\">\n\t\t\t\t\t<div class=\"elementor-column elementor-col-100 elementor-top-column elementor-element elementor-element-a30e8f4\" data-id=\"a30e8f4\" data-element_type=\"column\" data-e-type=\"column\">\n\t\t\t<div class=\"elementor-widget-wrap elementor-element-populated\">\n\t\t\t\t\t\t<div class=\"elementor-element elementor-element-03d6c23 elementor-widget elementor-widget-glitche-started-section\" data-id=\"03d6c23\" data-element_type=\"widget\" data-e-type=\"widget\" data-widget_type=\"glitche-started-section.default\">\n\t\t\t\t<div class=\"elementor-widget-container\">\n\t\t\t\t\t\n\t\t<!-- Section Started -->\n\t\t<div class=\"section started background-enabled\">\n\n\t\t\t\n\t\t\t\n\t\t\t\t\t\t<div class=\"video-bg\"><\/div>\n\t\t\t\n\t\t\t\n\t\t\t<div class=\"centrize full-width\">\n\t\t\t\t<div class=\"vertical-center\">\n\t\t\t\t\t<div class=\"started-content\">\n\n\t\t\t\t\t\t\n\t\t\t\t\t\t\t\t\t\t\t\t<h1 class=\"h-title \" >\n\t\t\t\t\t\t\t<span {{{ view.getRenderAttributeString( 'title' ) }}}>\n\t\t\t\t\t\t\t\t\u00dcber mich\t\t\t\t\t\t\t<\/span>\n\t\t\t\t\t\t<\/h1>\n\t\t\t\t\t\t\n\t\t\t\t\t\t\t\t\t\t\t\t<div class=\"h-subtitles\">\n\t\t\t\t\t\t\t<div class=\"h-subtitle typing-subtitle\">\n\t\t\t\t\t\t\t\t\t\t\t\t\t\t\t\t<p>Information \u2013 Service - Kunden<\/p>\n\t\t\t\t\t\t\t\t\t\t\t\t\t\t\t<\/div>\n\t\t\t\t\t\t\t<span class=\"typed-subtitle\"><\/span>\n\t\t\t\t\t\t<\/div>\n\t\t\t\t\t\t\n\t\t\t\t\t\t\n\t\t\t\t\t<\/div>\n\t\t\t\t<\/div>\n\t\t\t<\/div>\n\t\t\t<a href=\"#\" class=\"mouse_btn\" style=\"display: none;\"><span class=\"ion ion-mouse\"><\/span><\/a>\n\t\t<\/div>\n\n\t\t\t\t\t\t<\/div>\n\t\t\t\t<\/div>\n\t\t\t\t<div class=\"elementor-element elementor-element-35d7792 elementor-widget elementor-widget-spacer\" data-id=\"35d7792\" data-element_type=\"widget\" data-e-type=\"widget\" data-widget_type=\"spacer.default\">\n\t\t\t\t<div class=\"elementor-widget-container\">\n\t\t\t\t\t\t\t<div class=\"elementor-spacer\">\n\t\t\t<div class=\"elementor-spacer-inner\"><\/div>\n\t\t<\/div>\n\t\t\t\t\t\t<\/div>\n\t\t\t\t<\/div>\n\t\t\t\t\t<\/div>\n\t\t<\/div>\n\t\t\t\t\t<\/div>\n\t\t<\/section>\n\t\t\t\t<section class=\"elementor-section elementor-top-section elementor-element elementor-element-9894529 elementor-section-full_width elementor-section-height-default elementor-section-height-default\" data-id=\"9894529\" data-element_type=\"section\" data-e-type=\"section\">\n\t\t\t\t\t\t<div class=\"elementor-container elementor-column-gap-no\">\n\t\t\t\t\t<div class=\"elementor-column elementor-col-100 elementor-top-column elementor-element elementor-element-bf7d2b2\" data-id=\"bf7d2b2\" data-element_type=\"column\" data-e-type=\"column\">\n\t\t\t<div class=\"elementor-widget-wrap elementor-element-populated\">\n\t\t\t\t\t\t<div class=\"elementor-element elementor-element-8c00915 elementor-widget elementor-widget-glitche-services\" data-id=\"8c00915\" data-element_type=\"widget\" data-e-type=\"widget\" data-widget_type=\"glitche-services.default\">\n\t\t\t\t<div class=\"elementor-widget-container\">\n\t\t\t\t\t\n\t\t<!-- Section Service -->\n\t\t<div class=\"section service\">\n\t\t\t<div class=\"content\">\n\n\t\t\t\t\t\t\t\t<h2 class=\"title\">\n\t\t\t\t\t<div class=\"title_inner\">\n\t\t\t\t\t\t<span >\n\t\t\t\t\t\t\tServices\t\t\t\t\t\t<\/span>\n\t\t\t\t\t<\/div>\n\t\t\t\t<\/h2>\n\t\t\t\t\n\t\t\t\t\t\t\t\t<div class=\"service-items\">\n\t\t\t\t\t\t\t\t\t\t<div class=\"service-item content-box\">\n\t\t\t\t\t\t\t\t\t\t\t\t<div class=\"icon\"><\/div>\n\t\t\t\t\t\t\t\t\t\t\t\t<div class=\"name\">\n\t\t\t\t\t\t\t<span >\n\t\t\t\t\t\t\t\tCorporate Design\t\t\t\t\t\t\t<\/span>\n\t\t\t\t\t\t<\/div>\n\t\t\t\t\t\t<div class=\"text single-post-text\">\n\t\t\t\t\t\t\t<div >\n\t\t\t\t\t\t\t\t<p>Ein starkes Corporate Design sorgt f\u00fcr einen einheitlichen und professionellen Markenauftritt. Ich entwickle Logos, Farbkonzepte und eine visuelle Identit\u00e4t, die den Charakter deiner Marke widerspiegeln und ein klares Look &amp; Feel schaffen. Auf Wunsch halte ich alles in einem \u00fcbersichtlichen Styleguide fest, damit dein Auftritt langfristig konsistent bleibt.<\/p>\t\t\t\t\t\t\t<\/div>\n\t\t\t\t\t\t<\/div>\n\t\t\t\t\t<\/div>\n\t\t\t\t\t\t\t\t\t\t<div class=\"service-item content-box\">\n\t\t\t\t\t\t\t\t\t\t\t\t<div class=\"icon\"><\/div>\n\t\t\t\t\t\t\t\t\t\t\t\t<div class=\"name\">\n\t\t\t\t\t\t\t<span >\n\t\t\t\t\t\t\t\tGrafikdesign\t\t\t\t\t\t\t<\/span>\n\t\t\t\t\t\t<\/div>\n\t\t\t\t\t\t<div class=\"text single-post-text\">\n\t\t\t\t\t\t\t<div >\n\t\t\t\t\t\t\t\t<p>Ich gestalte individuelles Grafikdesign f\u00fcr alle relevanten Print- und digitalen Medien \u2013 von Flyern, Visitenkarten und Brosch\u00fcren bis hin zu Autobeklebungen und klassischer Printwerbung. Auch Newsletterdesigns setze ich visuell ansprechend und markengerecht um, damit deine Botschaft klar und wirkungsvoll ankommt.<\/p>\t\t\t\t\t\t\t<\/div>\n\t\t\t\t\t\t<\/div>\n\t\t\t\t\t<\/div>\n\t\t\t\t\t\t\t\t\t\t<div class=\"service-item content-box\">\n\t\t\t\t\t\t\t\t\t\t\t\t<div class=\"icon\"><\/div>\n\t\t\t\t\t\t\t\t\t\t\t\t<div class=\"name\">\n\t\t\t\t\t\t\t<span >\n\t\t\t\t\t\t\t\tMotiondesign\t\t\t\t\t\t\t<\/span>\n\t\t\t\t\t\t<\/div>\n\t\t\t\t\t\t<div class=\"text single-post-text\">\n\t\t\t\t\t\t\t<div >\n\t\t\t\t\t\t\t\t<p>Mit Motiondesign bringe ich deine Marke in Bewegung und sorge f\u00fcr aufmerksamkeitsstarke visuelle Erlebnisse. Ob Intro- und Outro-Animationen, Stinger, Motiongraphics, Bandenwerbung, Lower Thirds oder Titel-Animationen \u2013 ich entwickle dynamische Designs, die Inhalte modern, professionell und einpr\u00e4gsam pr\u00e4sentieren.<\/p>\t\t\t\t\t\t\t<\/div>\n\t\t\t\t\t\t<\/div>\n\t\t\t\t\t<\/div>\n\t\t\t\t\t\t\t\t\t\t<div class=\"service-item content-box\">\n\t\t\t\t\t\t\t\t\t\t\t\t<div class=\"icon\"><\/div>\n\t\t\t\t\t\t\t\t\t\t\t\t<div class=\"name\">\n\t\t\t\t\t\t\t<span >\n\t\t\t\t\t\t\t\tPosterdesign\t\t\t\t\t\t\t<\/span>\n\t\t\t\t\t\t<\/div>\n\t\t\t\t\t\t<div class=\"text single-post-text\">\n\t\t\t\t\t\t\t<div >\n\t\t\t\t\t\t\t\t<p>Ich gestalte individuelle Posterdesigns \u2013 von pers\u00f6nlichen Collagen f\u00fcr Geburtstage, Jubil\u00e4en oder als \u201eThank You\u201c bis hin zu dynamischen Sport-Postern. Ob kreative Montagen oder abstrakte Designs: Jedes Poster wird mit einem starken visuellen Fokus und viel Liebe zum Detail umgesetzt.<\/p>\t\t\t\t\t\t\t<\/div>\n\t\t\t\t\t\t<\/div>\n\t\t\t\t\t<\/div>\n\t\t\t\t\t\t\t\t\t\t<div class=\"service-item content-box\">\n\t\t\t\t\t\t\t\t\t\t\t\t<div class=\"icon\"><\/div>\n\t\t\t\t\t\t\t\t\t\t\t\t<div class=\"name\">\n\t\t\t\t\t\t\t<span >\n\t\t\t\t\t\t\t\tLogo\t\t\t\t\t\t\t<\/span>\n\t\t\t\t\t\t<\/div>\n\t\t\t\t\t\t<div class=\"text single-post-text\">\n\t\t\t\t\t\t\t<div >\n\t\t\t\t\t\t\t\t<p>Ein gutes Logo ist das Herzst\u00fcck jeder Marke und sorgt f\u00fcr Wiedererkennung auf den ersten Blick. Ich entwickle individuelle, zeitlose Logos, die deine Werte und Pers\u00f6nlichkeit klar widerspiegeln und vielseitig einsetzbar sind. Dabei achte ich auf eine klare Formsprache, hohe Wiedererkennbarkeit und langfristige Wirkung.<\/p>\t\t\t\t\t\t\t<\/div>\n\t\t\t\t\t\t<\/div>\n\t\t\t\t\t<\/div>\n\t\t\t\t\t\t\t\t\t\t<div class=\"service-item content-box\">\n\t\t\t\t\t\t\t\t\t\t\t\t<div class=\"icon\"><\/div>\n\t\t\t\t\t\t\t\t\t\t\t\t<div class=\"name\">\n\t\t\t\t\t\t\t<span >\n\t\t\t\t\t\t\t\tBeratung\t\t\t\t\t\t\t<\/span>\n\t\t\t\t\t\t<\/div>\n\t\t\t\t\t\t<div class=\"text single-post-text\">\n\t\t\t\t\t\t\t<div >\n\t\t\t\t\t\t\t\t<p>In der Designberatung analysiere ich dein aktuelles Erscheinungsbild und zeige klar St\u00e4rken, Schw\u00e4chen und ungenutzte Potenziale auf. Gemeinsam kl\u00e4ren wir, wo deine Marke steht und wie das Design gezielt weiterentwickelt werden kann, um langfristig wirkungsvoller aufzutreten.<\/p>\t\t\t\t\t\t\t<\/div>\n\t\t\t\t\t\t<\/div>\n\t\t\t\t\t<\/div>\n\t\t\t\t\t\t\t\t\t<\/div>\n\t\t\t\t\n\t\t\t\t<div class=\"clear\"><\/div>\n\t\t\t<\/div>\n\t\t<\/div>\n\n\t\t\t\t\t\t<\/div>\n\t\t\t\t<\/div>\n\t\t\t\t\t<\/div>\n\t\t<\/div>\n\t\t\t\t\t<\/div>\n\t\t<\/section>\n\t\t\t\t<section class=\"elementor-section elementor-top-section elementor-element elementor-element-65edeb8 elementor-section-full_width elementor-section-height-default elementor-section-height-default\" data-id=\"65edeb8\" data-element_type=\"section\" data-e-type=\"section\">\n\t\t\t\t\t\t<div class=\"elementor-container elementor-column-gap-no\">\n\t\t\t\t\t<div class=\"elementor-column elementor-col-100 elementor-top-column elementor-element elementor-element-b53923a\" data-id=\"b53923a\" data-element_type=\"column\" data-e-type=\"column\">\n\t\t\t<div class=\"elementor-widget-wrap elementor-element-populated\">\n\t\t\t\t\t\t<div class=\"elementor-element elementor-element-709ed14 elementor-widget elementor-widget-glitche-about-me\" data-id=\"709ed14\" data-element_type=\"widget\" data-e-type=\"widget\" data-widget_type=\"glitche-about-me.default\">\n\t\t\t\t<div class=\"elementor-widget-container\">\n\t\t\t\t\t\n\t\t<!-- Section About -->\n\t\t<div class=\"section about\">\n\t\t\t<div class=\"content content-box\">\n\n\t\t\t\t\t\t\t\t<div class=\"title\">\n\t\t\t\t\t<div class=\"title_inner\">\n\t\t\t\t\t\t<span >Information<\/span>\n\t\t\t\t\t<\/div>\n\t\t\t\t<\/div>\n\t\t\t\t\n\t\t\t\t\t\t\t\t<div class=\"image\">\n\t\t\t\t\t<img decoding=\"async\" src=\"https:\/\/sedlbauer.design\/wp-content\/uploads\/2023\/01\/62159709_10219684016550589_2180735014222692352_n-564x464.jpg\" alt=\"Information\">\n\t\t\t\t<\/div>\n\t\t\t\t\n\t\t\t\t\t\t\t\t<div class=\"desc\">\n\n\t\t\t\t\t\t\t\t\t\t<!-- text -->\n\t\t\t\t\t<div class=\"single-post-text\">\n\t\t\t\t\t\t<div >\n\t\t\t\t\t\t\t<p>Tim Sedlbauer<\/p>\t\t\t\t\t\t<\/div>\n\t\t\t\t\t<\/div>\n\t\t\t\t\t\n\t\t\t\t\t\t\t\t\t\t<div class=\"info-list\">\n\t\t\t\t\t\t<ul>\n\t\t\t\t\t\t\t\t\t\t\t\t\t\t<li>\n\t\t\t\t\t\t\t\t\t\t\t\t\t\t\t\t<strong>\n\t\t\t\t\t\t\t\t\t<span >\n\t\t\t\t\t\t\t\t\t\tAlter:\t\t\t\t\t\t\t\t\t<\/span>\n\t\t\t\t\t\t\t\t<\/strong>\n\t\t\t\t\t\t\t\t\t\t\t\t\t\t\t\t\t\t\t\t\t\t\t\t<span >\n\t\t\t\t\t\t\t\t\tMidlife\t\t\t\t\t\t\t\t<\/span>\n\t\t\t\t\t\t\t\t\t\t\t\t\t\t\t<\/li>\n\t\t\t\t\t\t\t\t\t\t\t\t\t\t<li>\n\t\t\t\t\t\t\t\t\t\t\t\t\t\t\t\t<strong>\n\t\t\t\t\t\t\t\t\t<span >\n\t\t\t\t\t\t\t\t\t\tLand:\t\t\t\t\t\t\t\t\t<\/span>\n\t\t\t\t\t\t\t\t<\/strong>\n\t\t\t\t\t\t\t\t\t\t\t\t\t\t\t\t\t\t\t\t\t\t\t\t<span >\n\t\t\t\t\t\t\t\t\tDeutschland\t\t\t\t\t\t\t\t<\/span>\n\t\t\t\t\t\t\t\t\t\t\t\t\t\t\t<\/li>\n\t\t\t\t\t\t\t\t\t\t\t\t\t\t<li>\n\t\t\t\t\t\t\t\t\t\t\t\t\t\t\t\t<strong>\n\t\t\t\t\t\t\t\t\t<span >\n\t\t\t\t\t\t\t\t\t\tFreelance:\t\t\t\t\t\t\t\t\t<\/span>\n\t\t\t\t\t\t\t\t<\/strong>\n\t\t\t\t\t\t\t\t\t\t\t\t\t\t\t\t\t\t\t\t\t\t\t\t<span >\n\t\t\t\t\t\t\t\t\tVerf\u00fcgbar\t\t\t\t\t\t\t\t<\/span>\n\t\t\t\t\t\t\t\t\t\t\t\t\t\t\t<\/li>\n\t\t\t\t\t\t\t\t\t\t\t\t\t\t<li>\n\t\t\t\t\t\t\t\t\t\t\t\t\t\t\t\t<strong>\n\t\t\t\t\t\t\t\t\t<span >\n\t\t\t\t\t\t\t\t\t\tStadt:\t\t\t\t\t\t\t\t\t<\/span>\n\t\t\t\t\t\t\t\t<\/strong>\n\t\t\t\t\t\t\t\t\t\t\t\t\t\t\t\t\t\t\t\t\t\t\t\t<span >\n\t\t\t\t\t\t\t\t\tNeuburg a. d. Donau\t\t\t\t\t\t\t\t<\/span>\n\t\t\t\t\t\t\t\t\t\t\t\t\t\t\t<\/li>\n\t\t\t\t\t\t\t\t\t\t\t\t\t\t<li>\n\t\t\t\t\t\t\t\t\t\t\t\t\t\t\t\t<strong>\n\t\t\t\t\t\t\t\t\t<span >\n\t\t\t\t\t\t\t\t\t\tPhone:\t\t\t\t\t\t\t\t\t<\/span>\n\t\t\t\t\t\t\t\t<\/strong>\n\t\t\t\t\t\t\t\t\t\t\t\t\t\t\t\t\t\t\t\t\t\t\t\t<span >\n\t\t\t\t\t\t\t\t\t+49 (0) 152 53506330\t\t\t\t\t\t\t\t<\/span>\n\t\t\t\t\t\t\t\t\t\t\t\t\t\t\t<\/li>\n\t\t\t\t\t\t\t\t\t\t\t\t\t\t<li>\n\t\t\t\t\t\t\t\t\t\t\t\t\t\t\t\t<strong>\n\t\t\t\t\t\t\t\t\t<span >\n\t\t\t\t\t\t\t\t\t\tE-mail:\t\t\t\t\t\t\t\t\t<\/span>\n\t\t\t\t\t\t\t\t<\/strong>\n\t\t\t\t\t\t\t\t\t\t\t\t\t\t\t\t\t\t\t\t\t\t\t\t<span >\n\t\t\t\t\t\t\t\t\ttim@sedlbauer.design\t\t\t\t\t\t\t\t<\/span>\n\t\t\t\t\t\t\t\t\t\t\t\t\t\t\t<\/li>\n\t\t\t\t\t\t\t\t\t\t\t\t\t<\/ul>\n\t\t\t\t\t<\/div>\n\t\t\t\t\t\n\t\t\t\t\t\n\t\t\t\t<\/div>\n\t\t\t\t\n\t\t\t\t<div class=\"clear\"><\/div>\n\t\t\t<\/div>\n\t\t<\/div>\n\n\t\t\t\t\t\t<\/div>\n\t\t\t\t<\/div>\n\t\t\t\t\t<\/div>\n\t\t<\/div>\n\t\t\t\t\t<\/div>\n\t\t<\/section>\n\t\t\t\t<section class=\"elementor-section elementor-top-section elementor-element elementor-element-1495810 elementor-section-full_width elementor-section-height-default elementor-section-height-default\" data-id=\"1495810\" data-element_type=\"section\" data-e-type=\"section\">\n\t\t\t\t\t\t<div class=\"elementor-container elementor-column-gap-no\">\n\t\t\t\t\t<div class=\"elementor-column elementor-col-100 elementor-top-column elementor-element elementor-element-1b70afd\" data-id=\"1b70afd\" data-element_type=\"column\" data-e-type=\"column\">\n\t\t\t<div class=\"elementor-widget-wrap elementor-element-populated\">\n\t\t\t\t\t\t<div class=\"elementor-element elementor-element-3f0c726 elementor-widget elementor-widget-glitche-clients\" data-id=\"3f0c726\" data-element_type=\"widget\" data-e-type=\"widget\" data-widget_type=\"glitche-clients.default\">\n\t\t\t\t<div class=\"elementor-widget-container\">\n\t\t\t\t\t\n\t\t<!-- Section Clients -->\n\t\t<div class=\"section clients\">\n\t\t\t<div class=\"content\">\n\n\t\t\t\t\t\t\t\t<h2 class=\"title\">\n\t\t\t\t\t<div class=\"title_inner\">\n\t\t\t\t\t\t<span >\n\t\t\t\t\t\t\tClients\t\t\t\t\t\t<\/span>\n\t\t\t\t\t<\/div>\n\t\t\t\t<\/h2>\n\t\t\t\t\n\t\t\t\t\t\t\t\t<div class=\"content-box\">\n\t\t\t\t\t<div class=\"box-items\">\n\t\t\t\t\t\t\t\t\t\t\t\t<div class=\"box-item\">\n\t\t\t\t\t\t\t\t\t\t\t\t\t\t<div class=\"image\">\n\t\t\t\t\t\t\t\t\t\t\t\t\t\t\t\t<a  href=\"https:\/\/www.architekt-sedlbauer.com\/\">\n\t\t\t\t\t\t\t\t\t\t\t\t\t\t\t\t\t<img decoding=\"async\" src=\"https:\/\/sedlbauer.design\/wp-content\/uploads\/2023\/01\/Logo-sedlbauer-architekten_black.png\" alt=\"Sedlbauer Architekten PartG mbB\" \/>\n\t\t\t\t\t\t\t\t\t\t\t\t\t\t\t\t<\/a>\n\t\t\t\t\t\t\t\t\t\t\t\t\t\t\t<\/div>\n\t\t\t\t\t\t\t\t\t\t\t\t\t<\/div>\n\t\t\t\t\t\t\t\t\t\t\t\t<div class=\"box-item\">\n\t\t\t\t\t\t\t\t\t\t\t\t\t\t<div class=\"image\">\n\t\t\t\t\t\t\t\t\t\t\t\t\t\t\t\t<a  href=\"https:\/\/kaifu.de\/\">\n\t\t\t\t\t\t\t\t\t\t\t\t\t\t\t\t\t<img decoding=\"async\" src=\"https:\/\/sedlbauer.design\/wp-content\/uploads\/2023\/01\/Logo-KAIFU_black.png\" alt=\"Wohnungsbaugenossenschaft\nKAIFU-NORDLAND eG\" \/>\n\t\t\t\t\t\t\t\t\t\t\t\t\t\t\t\t<\/a>\n\t\t\t\t\t\t\t\t\t\t\t\t\t\t\t<\/div>\n\t\t\t\t\t\t\t\t\t\t\t\t\t<\/div>\n\t\t\t\t\t\t\t\t\t\t\t\t<div class=\"box-item\">\n\t\t\t\t\t\t\t\t\t\t\t\t\t\t<div class=\"image\">\n\t\t\t\t\t\t\t\t\t\t\t\t\t\t\t\t<a  href=\"https:\/\/rbleipzig.com\/\">\n\t\t\t\t\t\t\t\t\t\t\t\t\t\t\t\t\t<img decoding=\"async\" src=\"https:\/\/sedlbauer.design\/wp-content\/uploads\/2023\/01\/Logo-RBLeipzig_black.png\" alt=\"RB Leipzig GmbH\" \/>\n\t\t\t\t\t\t\t\t\t\t\t\t\t\t\t\t<\/a>\n\t\t\t\t\t\t\t\t\t\t\t\t\t\t\t<\/div>\n\t\t\t\t\t\t\t\t\t\t\t\t\t<\/div>\n\t\t\t\t\t\t\t\t\t\t\t\t<div class=\"box-item\">\n\t\t\t\t\t\t\t\t\t\t\t\t\t\t<div class=\"image\">\n\t\t\t\t\t\t\t\t\t\t\t\t\t\t\t\t<a  href=\"https:\/\/www.packator.de\/\">\n\t\t\t\t\t\t\t\t\t\t\t\t\t\t\t\t\t<img decoding=\"async\" src=\"https:\/\/sedlbauer.design\/wp-content\/uploads\/2023\/01\/Logo-packator_black.png\" alt=\"Packator\" \/>\n\t\t\t\t\t\t\t\t\t\t\t\t\t\t\t\t<\/a>\n\t\t\t\t\t\t\t\t\t\t\t\t\t\t\t<\/div>\n\t\t\t\t\t\t\t\t\t\t\t\t\t<\/div>\n\t\t\t\t\t\t\t\t\t\t\t\t<div class=\"box-item\">\n\t\t\t\t\t\t\t\t\t\t\t\t\t\t<div class=\"image\">\n\t\t\t\t\t\t\t\t\t\t\t\t\t\t\t\t<a  href=\"https:\/\/www.fastmotion.at\/de\/\">\n\t\t\t\t\t\t\t\t\t\t\t\t\t\t\t\t\t<img decoding=\"async\" src=\"https:\/\/sedlbauer.design\/wp-content\/uploads\/2023\/01\/Logo-fast-motion_black.png\" alt=\"Fast Motion GmbH\" \/>\n\t\t\t\t\t\t\t\t\t\t\t\t\t\t\t\t<\/a>\n\t\t\t\t\t\t\t\t\t\t\t\t\t\t\t<\/div>\n\t\t\t\t\t\t\t\t\t\t\t\t\t<\/div>\n\t\t\t\t\t\t\t\t\t\t\t\t<div class=\"box-item\">\n\t\t\t\t\t\t\t\t\t\t\t\t\t\t<div class=\"image\">\n\t\t\t\t\t\t\t\t\t\t\t\t\t\t\t\t<a  href=\"https:\/\/www.kafril.de\/\">\n\t\t\t\t\t\t\t\t\t\t\t\t\t\t\t\t\t<img decoding=\"async\" src=\"https:\/\/sedlbauer.design\/wp-content\/uploads\/2023\/01\/Logo-Kafril_black.png\" alt=\"Kafril Service GmbH\" \/>\n\t\t\t\t\t\t\t\t\t\t\t\t\t\t\t\t<\/a>\n\t\t\t\t\t\t\t\t\t\t\t\t\t\t\t<\/div>\n\t\t\t\t\t\t\t\t\t\t\t\t\t<\/div>\n\t\t\t\t\t\t\t\t\t\t\t<\/div>\n\t\t\t\t<\/div>\n\t\t\t\t\n\t\t\t\t<div class=\"clear\"><\/div>\n\t\t\t<\/div>\n\t\t<\/div>\n\n\t\t\t\t\t\t<\/div>\n\t\t\t\t<\/div>\n\t\t\t\t\t<\/div>\n\t\t<\/div>\n\t\t\t\t\t<\/div>\n\t\t<\/section>\n\t\t\t\t<\/div>\n\t\t","protected":false},"excerpt":{"rendered":"<p>\u00dcber mich Information \u2013 Service &#8211; Kunden Services Corporate Design Ein starkes Corporate Design sorgt f\u00fcr einen einheitlichen und professionellen&#8230;<\/p>\n","protected":false},"author":1,"featured_media":0,"parent":0,"menu_order":0,"comment_status":"closed","ping_status":"closed","template":"template-elementor-builder.php","meta":{"footnotes":""},"class_list":["post-781","page","type-page","status-publish","hentry"],"acf":[],"_links":{"self":[{"href":"https:\/\/sedlbauer.design\/index.php?rest_route=\/wp\/v2\/pages\/781","targetHints":{"allow":["GET"]}}],"collection":[{"href":"https:\/\/sedlbauer.design\/index.php?rest_route=\/wp\/v2\/pages"}],"about":[{"href":"https:\/\/sedlbauer.design\/index.php?rest_route=\/wp\/v2\/types\/page"}],"author":[{"embeddable":true,"href":"https:\/\/sedlbauer.design\/index.php?rest_route=\/wp\/v2\/users\/1"}],"replies":[{"embeddable":true,"href":"https:\/\/sedlbauer.design\/index.php?rest_route=%2Fwp%2Fv2%2Fcomments&post=781"}],"version-history":[{"count":36,"href":"https:\/\/sedlbauer.design\/index.php?rest_route=\/wp\/v2\/pages\/781\/revisions"}],"predecessor-version":[{"id":1232,"href":"https:\/\/sedlbauer.design\/index.php?rest_route=\/wp\/v2\/pages\/781\/revisions\/1232"}],"wp:attachment":[{"href":"https:\/\/sedlbauer.design\/index.php?rest_route=%2Fwp%2Fv2%2Fmedia&parent=781"}],"curies":[{"name":"wp","href":"https:\/\/api.w.org\/{rel}","templated":true}]}}